{"id":2,"date":"2023-09-18T10:02:33","date_gmt":"2023-09-18T08:02:33","guid":{"rendered":"https:\/\/fac.me-preview.de\/?page_id=2"},"modified":"2025-10-01T17:39:26","modified_gmt":"2025-10-01T15:39:26","slug":"impressum","status":"publish","type":"page","link":"https:\/\/www.frankfurt-airport-center.eu\/en\/impressum\/","title":{"rendered":"Imprint"},"content":{"rendered":"<div data-elementor-type=\"wp-page\" data-elementor-id=\"2\" class=\"elementor elementor-2\" data-elementor-post-type=\"page\">\n\t\t\t\t<div class=\"elementor-element elementor-element-4e5f8ccd e-flex e-con-boxed e-con e-parent\" data-id=\"4e5f8ccd\" data-element_type=\"container\" data-e-type=\"container\">\n\t\t\t\t\t<div class=\"e-con-inner\">\n\t\t\t\t<div class=\"elementor-element elementor-element-69cddb17 elementor-widget elementor-widget-text-editor\" data-id=\"69cddb17\" data-element_type=\"widget\" data-e-type=\"widget\" data-widget_type=\"text-editor.default\">\n\t\t\t\t<div class=\"elementor-widget-container\">\n\t\t\t\t\t        <div class=\"elementor-text-editor elementor-clearfix\"><h1>\u00a0<\/h1><h1>Imprint<\/h1><h2>Publisher<\/h2><p>Covivio Office Holding GmbH<br \/>Knesebeckstra\u00dfe 3<br \/>10623 Berlin<br \/>Telefon: 0049 (0)30 221821 \u2013 120<br \/><a href=\"mailto:presse@covivio.immo\">presse@covivio.immo<\/a><\/p><h2>Management<\/h2><p>Dr. Daniel Frey<br \/>Katja Stiefenh\u00f6fer<br \/>Katharina Greis<\/p><h2>Registered office of the company<\/h2><p>Berlin<\/p><h2>Commercial register<\/h2><p>Local court Berlin-Charlottenburg, HRB 209675 B<\/p><p>The use of the contact details in the legal notice for commercial advertising is expressly prohibited unless Covivio Office Holding GmbH has given its prior written consent. Covivio Office Holding GmbH and all persons named on this website hereby object to any commercial use and disclosure of their data.<\/p><h2>Conception, layout and web design<\/h2><p>move elevator GmbH<br \/>Zum Aquarium 6a<br \/>46047 Oberhausen<br \/><a href=\"https:\/\/www.move-elevator.de\/\" target=\"_blank\" rel=\"noopener noreferrer\">https:\/\/www.move-elevator.de\/<\/a><\/p><h2>Hosting<\/h2><p>Host Europe GmbH<br \/>Hansestrasse 111<br \/>51149 K\u00f6ln<br \/>www.hosteurope.de<\/p><\/div>\n        \t\t\t\t<\/div>\n\t\t\t\t<\/div>\n\t\t\t\t\t<\/div>\n\t\t\t\t<\/div>\n\t\t\t\t<\/div>","protected":false},"excerpt":{"rendered":"<p>\u00a0 Impressum Herausgeber Covivio Office Holding GmbHKnesebeckstra\u00dfe 310623 BerlinTelefon: 0049 (0)30 221821 \u2013 120presse@covivio.immo Gesch\u00e4ftsf\u00fchrung Dr. Daniel FreyKatja Stiefenh\u00f6ferKatharina Greis Sitz der Gesellschaft Berlin Handelsregister Amtsgericht Berlin-Charlottenburg, HRB 209675 B Die Verwendung der Kontaktdaten des Impressums zur gewerblichen Werbung ist ausdr\u00fccklich nicht erw\u00fcnscht, es sei denn die Covivio Office Holding GmbH hat vorher ihre schriftliche &hellip; <span class=\"more-link-wrap\"><a href=\"https:\/\/www.frankfurt-airport-center.eu\/en\/impressum\/\" class=\"more-link\">Read More <span class=\"screen-reader-text\"> &#8222;Impressum&#8220;<\/span><\/a><\/span><\/p>","protected":false},"author":1,"featured_media":0,"parent":0,"menu_order":0,"comment_status":"closed","ping_status":"open","template":"","meta":{"rs_blank_template":"","rs_page_bg_color":"","slide_template_v7":"","inline_featured_image":false,"footnotes":""},"class_list":["post-2","page","type-page","status-publish","hentry"],"yoast_head":"<!-- This site is optimized with the Yoast SEO plugin v27.3 - https:\/\/yoast.com\/product\/yoast-seo-wordpress\/ -->\n<title>Impressum | Frankfurt Airport Center<\/title>\n<meta name=\"description\" content=\"Hier finden Sie das Impressum mit erforderlichen Angaben zu Covivio, einem f\u00fchrenden Immobilienunternehmen mit Transparenz und Compliance.\" \/>\n<meta name=\"robots\" content=\"index, follow, max-snippet:-1, max-image-preview:large, max-video-preview:-1\" \/>\n<link rel=\"canonical\" href=\"https:\/\/www.frankfurt-airport-center.eu\/en\/impressum\/\" \/>\n<meta property=\"og:locale\" content=\"en_GB\" \/>\n<meta property=\"og:type\" content=\"article\" \/>\n<meta property=\"og:title\" content=\"Impressum | Frankfurt Airport Center\" \/>\n<meta property=\"og:description\" content=\"Hier finden Sie das Impressum mit erforderlichen Angaben zu Covivio, einem f\u00fchrenden Immobilienunternehmen mit Transparenz und Compliance.\" \/>\n<meta property=\"og:url\" content=\"https:\/\/www.frankfurt-airport-center.eu\/en\/impressum\/\" \/>\n<meta property=\"og:site_name\" content=\"Frankfurt Airport Center\" \/>\n<meta property=\"article:modified_time\" content=\"2025-10-01T15:39:26+00:00\" \/>\n<meta name=\"twitter:card\" content=\"summary_large_image\" \/>\n<meta name=\"twitter:label1\" content=\"Estimated reading time\" \/>\n\t<meta name=\"twitter:data1\" content=\"1 minute\" \/>\n<script type=\"application\/ld+json\" class=\"yoast-schema-graph\">{\"@context\":\"https:\\\/\\\/schema.org\",\"@graph\":[{\"@type\":\"WebPage\",\"@id\":\"https:\\\/\\\/www.frankfurt-airport-center.eu\\\/impressum\\\/\",\"url\":\"https:\\\/\\\/www.frankfurt-airport-center.eu\\\/impressum\\\/\",\"name\":\"Impressum | Frankfurt Airport Center\",\"isPartOf\":{\"@id\":\"https:\\\/\\\/www.frankfurt-airport-center.eu\\\/#website\"},\"datePublished\":\"2023-09-18T08:02:33+00:00\",\"dateModified\":\"2025-10-01T15:39:26+00:00\",\"description\":\"Hier finden Sie das Impressum mit erforderlichen Angaben zu Covivio, einem f\u00fchrenden Immobilienunternehmen mit Transparenz und Compliance.\",\"breadcrumb\":{\"@id\":\"https:\\\/\\\/www.frankfurt-airport-center.eu\\\/impressum\\\/#breadcrumb\"},\"inLanguage\":\"en-GB\",\"potentialAction\":[{\"@type\":\"ReadAction\",\"target\":[\"https:\\\/\\\/www.frankfurt-airport-center.eu\\\/impressum\\\/\"]}]},{\"@type\":\"BreadcrumbList\",\"@id\":\"https:\\\/\\\/www.frankfurt-airport-center.eu\\\/impressum\\\/#breadcrumb\",\"itemListElement\":[{\"@type\":\"ListItem\",\"position\":1,\"name\":\"Startseite\",\"item\":\"https:\\\/\\\/www.frankfurt-airport-center.eu\\\/\"},{\"@type\":\"ListItem\",\"position\":2,\"name\":\"Impressum\"}]},{\"@type\":\"WebSite\",\"@id\":\"https:\\\/\\\/www.frankfurt-airport-center.eu\\\/#website\",\"url\":\"https:\\\/\\\/www.frankfurt-airport-center.eu\\\/\",\"name\":\"Frankfurt Airport Center\",\"description\":\"\",\"publisher\":{\"@id\":\"https:\\\/\\\/www.frankfurt-airport-center.eu\\\/#organization\"},\"potentialAction\":[{\"@type\":\"SearchAction\",\"target\":{\"@type\":\"EntryPoint\",\"urlTemplate\":\"https:\\\/\\\/www.frankfurt-airport-center.eu\\\/?s={search_term_string}\"},\"query-input\":{\"@type\":\"PropertyValueSpecification\",\"valueRequired\":true,\"valueName\":\"search_term_string\"}}],\"inLanguage\":\"en-GB\"},{\"@type\":\"Organization\",\"@id\":\"https:\\\/\\\/www.frankfurt-airport-center.eu\\\/#organization\",\"name\":\"Frankfurt Airport Center\",\"url\":\"https:\\\/\\\/www.frankfurt-airport-center.eu\\\/\",\"logo\":{\"@type\":\"ImageObject\",\"inLanguage\":\"en-GB\",\"@id\":\"https:\\\/\\\/www.frankfurt-airport-center.eu\\\/#\\\/schema\\\/logo\\\/image\\\/\",\"url\":\"https:\\\/\\\/www.frankfurt-airport-center.eu\\\/wp-content\\\/uploads\\\/2023\\\/09\\\/logo-fac.svg\",\"contentUrl\":\"https:\\\/\\\/www.frankfurt-airport-center.eu\\\/wp-content\\\/uploads\\\/2023\\\/09\\\/logo-fac.svg\",\"width\":350,\"height\":100,\"caption\":\"Frankfurt Airport Center\"},\"image\":{\"@id\":\"https:\\\/\\\/www.frankfurt-airport-center.eu\\\/#\\\/schema\\\/logo\\\/image\\\/\"}}]}<\/script>\n<!-- \/ Yoast SEO plugin. -->","yoast_head_json":{"title":"Impressum | Frankfurt Airport Center","description":"Hier finden Sie das Impressum mit erforderlichen Angaben zu Covivio, einem f\u00fchrenden Immobilienunternehmen mit Transparenz und Compliance.","robots":{"index":"index","follow":"follow","max-snippet":"max-snippet:-1","max-image-preview":"max-image-preview:large","max-video-preview":"max-video-preview:-1"},"canonical":"https:\/\/www.frankfurt-airport-center.eu\/en\/impressum\/","og_locale":"en_GB","og_type":"article","og_title":"Impressum | Frankfurt Airport Center","og_description":"Hier finden Sie das Impressum mit erforderlichen Angaben zu Covivio, einem f\u00fchrenden Immobilienunternehmen mit Transparenz und Compliance.","og_url":"https:\/\/www.frankfurt-airport-center.eu\/en\/impressum\/","og_site_name":"Frankfurt Airport Center","article_modified_time":"2025-10-01T15:39:26+00:00","twitter_card":"summary_large_image","twitter_misc":{"Estimated reading time":"1 minute"},"schema":{"@context":"https:\/\/schema.org","@graph":[{"@type":"WebPage","@id":"https:\/\/www.frankfurt-airport-center.eu\/impressum\/","url":"https:\/\/www.frankfurt-airport-center.eu\/impressum\/","name":"Impressum | Frankfurt Airport Center","isPartOf":{"@id":"https:\/\/www.frankfurt-airport-center.eu\/#website"},"datePublished":"2023-09-18T08:02:33+00:00","dateModified":"2025-10-01T15:39:26+00:00","description":"Hier finden Sie das Impressum mit erforderlichen Angaben zu Covivio, einem f\u00fchrenden Immobilienunternehmen mit Transparenz und Compliance.","breadcrumb":{"@id":"https:\/\/www.frankfurt-airport-center.eu\/impressum\/#breadcrumb"},"inLanguage":"en-GB","potentialAction":[{"@type":"ReadAction","target":["https:\/\/www.frankfurt-airport-center.eu\/impressum\/"]}]},{"@type":"BreadcrumbList","@id":"https:\/\/www.frankfurt-airport-center.eu\/impressum\/#breadcrumb","itemListElement":[{"@type":"ListItem","position":1,"name":"Startseite","item":"https:\/\/www.frankfurt-airport-center.eu\/"},{"@type":"ListItem","position":2,"name":"Impressum"}]},{"@type":"WebSite","@id":"https:\/\/www.frankfurt-airport-center.eu\/#website","url":"https:\/\/www.frankfurt-airport-center.eu\/","name":"Frankfurt Airport Center","description":"","publisher":{"@id":"https:\/\/www.frankfurt-airport-center.eu\/#organization"},"potentialAction":[{"@type":"SearchAction","target":{"@type":"EntryPoint","urlTemplate":"https:\/\/www.frankfurt-airport-center.eu\/?s={search_term_string}"},"query-input":{"@type":"PropertyValueSpecification","valueRequired":true,"valueName":"search_term_string"}}],"inLanguage":"en-GB"},{"@type":"Organization","@id":"https:\/\/www.frankfurt-airport-center.eu\/#organization","name":"Frankfurt Airport Center","url":"https:\/\/www.frankfurt-airport-center.eu\/","logo":{"@type":"ImageObject","inLanguage":"en-GB","@id":"https:\/\/www.frankfurt-airport-center.eu\/#\/schema\/logo\/image\/","url":"https:\/\/www.frankfurt-airport-center.eu\/wp-content\/uploads\/2023\/09\/logo-fac.svg","contentUrl":"https:\/\/www.frankfurt-airport-center.eu\/wp-content\/uploads\/2023\/09\/logo-fac.svg","width":350,"height":100,"caption":"Frankfurt Airport Center"},"image":{"@id":"https:\/\/www.frankfurt-airport-center.eu\/#\/schema\/logo\/image\/"}}]}},"_links":{"self":[{"href":"https:\/\/www.frankfurt-airport-center.eu\/en\/wp-json\/wp\/v2\/pages\/2","targetHints":{"allow":["GET"]}}],"collection":[{"href":"https:\/\/www.frankfurt-airport-center.eu\/en\/wp-json\/wp\/v2\/pages"}],"about":[{"href":"https:\/\/www.frankfurt-airport-center.eu\/en\/wp-json\/wp\/v2\/types\/page"}],"author":[{"embeddable":true,"href":"https:\/\/www.frankfurt-airport-center.eu\/en\/wp-json\/wp\/v2\/users\/1"}],"replies":[{"embeddable":true,"href":"https:\/\/www.frankfurt-airport-center.eu\/en\/wp-json\/wp\/v2\/comments?post=2"}],"version-history":[{"count":15,"href":"https:\/\/www.frankfurt-airport-center.eu\/en\/wp-json\/wp\/v2\/pages\/2\/revisions"}],"predecessor-version":[{"id":5118,"href":"https:\/\/www.frankfurt-airport-center.eu\/en\/wp-json\/wp\/v2\/pages\/2\/revisions\/5118"}],"wp:attachment":[{"href":"https:\/\/www.frankfurt-airport-center.eu\/en\/wp-json\/wp\/v2\/media?parent=2"}],"curies":[{"name":"wp","href":"https:\/\/api.w.org\/{rel}","templated":true}]}}